{"id":99,"date":"2016-12-13T16:22:10","date_gmt":"2016-12-13T16:22:10","guid":{"rendered":"http:\/\/hundeverein-spork-schwelentrup.de\/?page_id=99"},"modified":"2025-02-08T18:27:19","modified_gmt":"2025-02-08T18:27:19","slug":"rally-obedience-2","status":"publish","type":"page","link":"https:\/\/hundeverein-spork-schwelentrup.de\/?page_id=99","title":{"rendered":"Rally Obedience"},"content":{"rendered":"<p>Rally Obedience ist eine noch junge Hundesportart, die Ende der neunziger Jahre von Bud Kr\u00e4mer in den USA erfunden wurde. Es beinhaltet Elemente aus Dogdance, Agility, Obedience und der klassischen Unterordnung. Das Mensch-Hund-Team absolviert hierbei einen Parcours von nummerierten Schildern mit verschiedenen \u00dcbungen.<\/p>\n<p style=\"text-align: center;\"><img loading=\"lazy\" decoding=\"async\" class=\"size-full wp-image-2367 alignleft\" src=\"https:\/\/hundeverein-spork-schwelentrup.de\/wp-content\/uploads\/2019\/02\/index.png\" alt=\"\" width=\"225\" height=\"224\" srcset=\"https:\/\/hundeverein-spork-schwelentrup.de\/wp-content\/uploads\/2019\/02\/index.png 225w, https:\/\/hundeverein-spork-schwelentrup.de\/wp-content\/uploads\/2019\/02\/index-150x150.png 150w\" sizes=\"(max-width: 225px) 100vw, 225px\" \/>Geeignet ist Rally Obedience f\u00fcr alle Zwei &#8211; und Vierbeiner. Dicke, d\u00fcnne, gro\u00dfe, kleine, junge (ab 12 Monate), alte und auch Hunde mit Behinderungen haben hier ihren Spa\u00df.<\/p>\n<p style=\"text-align: center;\">F\u00fcr ehrgeizige Teams gibt es inzwischen im n\u00e4heren Umkreis viele Turniere, an denen einige unserer Teams mit Spa\u00df und auch Erfolg teilnehmen.<\/p>\n<p style=\"text-align: center;\">&nbsp;<\/p>\n","protected":false},"excerpt":{"rendered":"<p>Rally Obedience ist eine noch junge Hundesportart, die Ende der neunziger Jahre von Bud Kr\u00e4mer in den USA erfunden wurde. Es beinhaltet Elemente aus Dogdance, Agility, Obedience und der klassischen Unterordnung. Das Mensch-Hund-Team absolviert hierbei einen Parcours von nummerierten Schildern mit verschiedenen \u00dcbungen. Geeignet ist Rally Obedience f\u00fcr alle Zwei &#8211; und Vierbeiner. Dicke, d\u00fcnne, [&hellip;]<\/p>\n","protected":false},"author":2,"featured_media":0,"parent":23,"menu_order":0,"comment_status":"closed","ping_status":"closed","template":"","meta":{"ngg_post_thumbnail":0,"footnotes":""},"_links":{"self":[{"href":"https:\/\/hundeverein-spork-schwelentrup.de\/index.php?rest_route=\/wp\/v2\/pages\/99"}],"collection":[{"href":"https:\/\/hundeverein-spork-schwelentrup.de\/index.php?rest_route=\/wp\/v2\/pages"}],"about":[{"href":"https:\/\/hundeverein-spork-schwelentrup.de\/index.php?rest_route=\/wp\/v2\/types\/page"}],"author":[{"embeddable":true,"href":"https:\/\/hundeverein-spork-schwelentrup.de\/index.php?rest_route=\/wp\/v2\/users\/2"}],"replies":[{"embeddable":true,"href":"https:\/\/hundeverein-spork-schwelentrup.de\/index.php?rest_route=%2Fwp%2Fv2%2Fcomments&post=99"}],"version-history":[{"count":12,"href":"https:\/\/hundeverein-spork-schwelentrup.de\/index.php?rest_route=\/wp\/v2\/pages\/99\/revisions"}],"predecessor-version":[{"id":13903,"href":"https:\/\/hundeverein-spork-schwelentrup.de\/index.php?rest_route=\/wp\/v2\/pages\/99\/revisions\/13903"}],"up":[{"embeddable":true,"href":"https:\/\/hundeverein-spork-schwelentrup.de\/index.php?rest_route=\/wp\/v2\/pages\/23"}],"wp:attachment":[{"href":"https:\/\/hundeverein-spork-schwelentrup.de\/index.php?rest_route=%2Fwp%2Fv2%2Fmedia&parent=99"}],"curies":[{"name":"wp","href":"https:\/\/api.w.org\/{rel}","templated":true}]}}