{"id":97,"date":"2016-12-13T16:21:47","date_gmt":"2016-12-13T16:21:47","guid":{"rendered":"http:\/\/hundeverein-spork-schwelentrup.de\/?page_id=97"},"modified":"2025-02-08T18:26:29","modified_gmt":"2025-02-08T18:26:29","slug":"agility","status":"publish","type":"page","link":"https:\/\/hundeverein-spork-schwelentrup.de\/?page_id=97","title":{"rendered":"Agility"},"content":{"rendered":"<p>Agility ist eine moderne Hundesportart, die urspr\u00fcnglich aus England stammt und 1977 als Pausenf\u00fcller auf den Crufts begann. Seit den 80 er Jahren finden sich auch in Deutschland immer mehr Anh\u00e4nger.<\/p>\n<p><img loading=\"lazy\" decoding=\"async\" class=\"alignnone size-medium wp-image-207\" src=\"https:\/\/hundeverein-spork-schwelentrup.de\/wp-content\/uploads\/2017\/01\/11207372_1638260106418494_4906805450704123888_n-2-e1484068728291-300x229.jpg\" alt=\"11207372_1638260106418494_4906805450704123888_n-2\" width=\"300\" height=\"229\" srcset=\"https:\/\/hundeverein-spork-schwelentrup.de\/wp-content\/uploads\/2017\/01\/11207372_1638260106418494_4906805450704123888_n-2-e1484068728291-300x229.jpg 300w, https:\/\/hundeverein-spork-schwelentrup.de\/wp-content\/uploads\/2017\/01\/11207372_1638260106418494_4906805450704123888_n-2-e1484068728291.jpg 768w\" sizes=\"(max-width: 300px) 100vw, 300px\" \/><\/p>\n<p>Agility ist die m\u00f6glichst fehlerfreie Bew\u00e4ltigung eines Hindernisparcours in schnellstm\u00f6glicher&nbsp; Zeit, \u00e4hnlich wie beim Springreiten. Dabei werden die Hunde ohne Leine und Ber\u00fchrung nur mit H\u00f6rzeichen und K\u00f6rpersprache durch den Parcours gef\u00fchrt.<img loading=\"lazy\" decoding=\"async\" class=\"size-medium wp-image-384 alignleft\" src=\"https:\/\/hundeverein-spork-schwelentrup.de\/wp-content\/uploads\/2016\/12\/Agility-300x169.jpg\" alt=\"Agility\" width=\"300\" height=\"169\" srcset=\"https:\/\/hundeverein-spork-schwelentrup.de\/wp-content\/uploads\/2016\/12\/Agility-300x169.jpg 300w, https:\/\/hundeverein-spork-schwelentrup.de\/wp-content\/uploads\/2016\/12\/Agility-768x432.jpg 768w, https:\/\/hundeverein-spork-schwelentrup.de\/wp-content\/uploads\/2016\/12\/Agility.jpg 960w\" sizes=\"(max-width: 300px) 100vw, 300px\" \/><\/p>\n<p>&nbsp;<\/p>\n<p>Ein Agilityparcours setzt sich aus bis zu 20 Hindernissen zusammen. Es gibt Sprungh\u00fcrden, Reifen, Wippe, Steg, Wand, Weitsprung und Tunnel. Die Reihenfolge der Hindernisse wird immer neu gestaltet; dabei wird die&nbsp; Sprungh\u00f6he&nbsp; an die Gr\u00f6\u00dfe des Hundes angepasst. Auf Turnieren wird deshalb in drei Gr\u00f6\u00dfenklassen gestartet \u2013 small, midi, large.<\/p>\n<p><img loading=\"lazy\" decoding=\"async\" class=\"size-medium wp-image-386 alignright\" src=\"https:\/\/hundeverein-spork-schwelentrup.de\/wp-content\/uploads\/2016\/12\/agi-3-300x225.jpg\" alt=\"agi 3\" width=\"300\" height=\"225\" srcset=\"https:\/\/hundeverein-spork-schwelentrup.de\/wp-content\/uploads\/2016\/12\/agi-3-300x225.jpg 300w, https:\/\/hundeverein-spork-schwelentrup.de\/wp-content\/uploads\/2016\/12\/agi-3-768x576.jpg 768w, https:\/\/hundeverein-spork-schwelentrup.de\/wp-content\/uploads\/2016\/12\/agi-3.jpg 960w\" sizes=\"(max-width: 300px) 100vw, 300px\" \/><\/p>\n<p>Das Wichtigste beim Agility ist&nbsp; der gemeinsame Spa\u00df mit dem Hund. Voraussetzung f\u00fcr diesen Sport ist die Gesundheit des Hundes und ein&nbsp; Mindestalter des Hundes&nbsp; von einem Jahr.<\/p>\n<p>&nbsp;<\/p>\n<p>&nbsp;<\/p>\n","protected":false},"excerpt":{"rendered":"<p>Agility ist eine moderne Hundesportart, die urspr\u00fcnglich aus England stammt und 1977 als Pausenf\u00fcller auf den Crufts begann. Seit den 80 er Jahren finden sich auch in Deutschland immer mehr Anh\u00e4nger. Agility ist die m\u00f6glichst fehlerfreie Bew\u00e4ltigung eines Hindernisparcours in schnellstm\u00f6glicher&nbsp; Zeit, \u00e4hnlich wie beim Springreiten. Dabei werden die Hunde ohne Leine und Ber\u00fchrung nur [&hellip;]<\/p>\n","protected":false},"author":2,"featured_media":0,"parent":23,"menu_order":0,"comment_status":"closed","ping_status":"closed","template":"","meta":{"ngg_post_thumbnail":0,"footnotes":""},"_links":{"self":[{"href":"https:\/\/hundeverein-spork-schwelentrup.de\/index.php?rest_route=\/wp\/v2\/pages\/97"}],"collection":[{"href":"https:\/\/hundeverein-spork-schwelentrup.de\/index.php?rest_route=\/wp\/v2\/pages"}],"about":[{"href":"https:\/\/hundeverein-spork-schwelentrup.de\/index.php?rest_route=\/wp\/v2\/types\/page"}],"author":[{"embeddable":true,"href":"https:\/\/hundeverein-spork-schwelentrup.de\/index.php?rest_route=\/wp\/v2\/users\/2"}],"replies":[{"embeddable":true,"href":"https:\/\/hundeverein-spork-schwelentrup.de\/index.php?rest_route=%2Fwp%2Fv2%2Fcomments&post=97"}],"version-history":[{"count":5,"href":"https:\/\/hundeverein-spork-schwelentrup.de\/index.php?rest_route=\/wp\/v2\/pages\/97\/revisions"}],"predecessor-version":[{"id":13902,"href":"https:\/\/hundeverein-spork-schwelentrup.de\/index.php?rest_route=\/wp\/v2\/pages\/97\/revisions\/13902"}],"up":[{"embeddable":true,"href":"https:\/\/hundeverein-spork-schwelentrup.de\/index.php?rest_route=\/wp\/v2\/pages\/23"}],"wp:attachment":[{"href":"https:\/\/hundeverein-spork-schwelentrup.de\/index.php?rest_route=%2Fwp%2Fv2%2Fmedia&parent=97"}],"curies":[{"name":"wp","href":"https:\/\/api.w.org\/{rel}","templated":true}]}}