{"id":3239,"date":"2022-04-03T13:08:15","date_gmt":"2022-04-03T13:08:15","guid":{"rendered":"https:\/\/hundeverein-spork-schwelentrup.de\/?page_id=3239"},"modified":"2025-09-08T12:44:08","modified_gmt":"2025-09-08T12:44:08","slug":"junghunde","status":"publish","type":"page","link":"https:\/\/hundeverein-spork-schwelentrup.de\/?page_id=3239","title":{"rendered":"Teamwork"},"content":{"rendered":"\n<p>Diese Gruppe richtet sich an alle, die nach dem Alltagsbegleiter-Kurs gerne weitermachen m\u00f6chten.<br>Hier ist Teamwork gefragt! Mit viel Spa\u00df und Freude wird das vertrauensvolle und gl\u00fcckliche Mensch-Hund-Team weiter gest\u00e4rkt.<\/p>\n\n\n\n<p>Die Gruppe trifft sich alle zwei Wochen und wird abwechslungsreich gestaltet \u2013 auch fachlich gibt es einiges zu entdecken.<\/p>\n\n\n\n<p>Gemeinsam arbeitet ihr an Impulskontrolle, Frustrationstoleranz und Aufmerksamkeitsteilung. Au\u00dferdem erwarten euch viele \u00dcbungen zu Geschicklichkeit, Trittsicherheit und K\u00f6rperwahrnehmung.<\/p>\n\n\n\n<p>Teilnehmen d\u00fcrfen alle Hunde \u2013 unabh\u00e4ngig von Alter, Gesundheitszustand oder eventuellen \u201eSpecial Effects\u201c.<\/p>\n\n\n\n<p>Alles, was ihr braucht, ist:<br>\u2013 eine Leine<br>\u2013 viele kleine Belohnungen<br>\u2013 und gute Laune!<\/p>\n\n\n\n<p><\/p>\n\n\n\n<figure class=\"wp-block-image size-large\"><img loading=\"lazy\" decoding=\"async\" width=\"1024\" height=\"577\" src=\"https:\/\/hundeverein-spork-schwelentrup.de\/wp-content\/uploads\/2022\/11\/20221106_120605-1024x577.jpg\" alt=\"\" class=\"wp-image-3293\" srcset=\"https:\/\/hundeverein-spork-schwelentrup.de\/wp-content\/uploads\/2022\/11\/20221106_120605-1024x577.jpg 1024w, https:\/\/hundeverein-spork-schwelentrup.de\/wp-content\/uploads\/2022\/11\/20221106_120605-300x169.jpg 300w, https:\/\/hundeverein-spork-schwelentrup.de\/wp-content\/uploads\/2022\/11\/20221106_120605-768x432.jpg 768w, https:\/\/hundeverein-spork-schwelentrup.de\/wp-content\/uploads\/2022\/11\/20221106_120605-1536x865.jpg 1536w, https:\/\/hundeverein-spork-schwelentrup.de\/wp-content\/uploads\/2022\/11\/20221106_120605-2048x1153.jpg 2048w\" sizes=\"(max-width: 1024px) 100vw, 1024px\" \/><\/figure>\n","protected":false},"excerpt":{"rendered":"<p>Diese Gruppe richtet sich an alle, die nach dem Alltagsbegleiter-Kurs gerne weitermachen m\u00f6chten.Hier ist Teamwork gefragt! Mit viel Spa\u00df und Freude wird das vertrauensvolle und gl\u00fcckliche Mensch-Hund-Team weiter gest\u00e4rkt. Die Gruppe trifft sich alle zwei Wochen und wird abwechslungsreich gestaltet \u2013 auch fachlich gibt es einiges zu entdecken. Gemeinsam arbeitet ihr an Impulskontrolle, Frustrationstoleranz und [&hellip;]<\/p>\n","protected":false},"author":6,"featured_media":0,"parent":23,"menu_order":0,"comment_status":"closed","ping_status":"closed","template":"","meta":{"ngg_post_thumbnail":0,"footnotes":""},"_links":{"self":[{"href":"https:\/\/hundeverein-spork-schwelentrup.de\/index.php?rest_route=\/wp\/v2\/pages\/3239"}],"collection":[{"href":"https:\/\/hundeverein-spork-schwelentrup.de\/index.php?rest_route=\/wp\/v2\/pages"}],"about":[{"href":"https:\/\/hundeverein-spork-schwelentrup.de\/index.php?rest_route=\/wp\/v2\/types\/page"}],"author":[{"embeddable":true,"href":"https:\/\/hundeverein-spork-schwelentrup.de\/index.php?rest_route=\/wp\/v2\/users\/6"}],"replies":[{"embeddable":true,"href":"https:\/\/hundeverein-spork-schwelentrup.de\/index.php?rest_route=%2Fwp%2Fv2%2Fcomments&post=3239"}],"version-history":[{"count":7,"href":"https:\/\/hundeverein-spork-schwelentrup.de\/index.php?rest_route=\/wp\/v2\/pages\/3239\/revisions"}],"predecessor-version":[{"id":13995,"href":"https:\/\/hundeverein-spork-schwelentrup.de\/index.php?rest_route=\/wp\/v2\/pages\/3239\/revisions\/13995"}],"up":[{"embeddable":true,"href":"https:\/\/hundeverein-spork-schwelentrup.de\/index.php?rest_route=\/wp\/v2\/pages\/23"}],"wp:attachment":[{"href":"https:\/\/hundeverein-spork-schwelentrup.de\/index.php?rest_route=%2Fwp%2Fv2%2Fmedia&parent=3239"}],"curies":[{"name":"wp","href":"https:\/\/api.w.org\/{rel}","templated":true}]}}