{"id":15,"date":"2016-11-12T12:51:27","date_gmt":"2016-11-12T12:51:27","guid":{"rendered":"http:\/\/hundeverein-spork-schwelentrup.de\/?page_id=15"},"modified":"2025-02-08T18:13:31","modified_gmt":"2025-02-08T18:13:31","slug":"geschichte","status":"publish","type":"page","link":"https:\/\/hundeverein-spork-schwelentrup.de\/?page_id=15","title":{"rendered":"Chronik"},"content":{"rendered":"<p>Vereinsgeschichte<\/p>\n<p>1929 fanden sich in der Gemeinde Schwelentrup einige interessierte Hundef\u00fchrer und Z\u00fcchter zusammen und gr\u00fcndeten den \u201ePolizei- und Schutzhundeverein Schwelentrup\u201c.<br \/>\nVorsitzender war Fritz M\u00fchlenmeier.<\/p>\n<p><img loading=\"lazy\" decoding=\"async\" class=\"alignnone size-medium wp-image-155\" src=\"https:\/\/hundeverein-spork-schwelentrup.de\/wp-content\/uploads\/2017\/01\/03fa7e9a4410f7f01-259x300.jpg\" alt=\"03fa7e9a4410f7f01\" width=\"259\" height=\"300\" srcset=\"https:\/\/hundeverein-spork-schwelentrup.de\/wp-content\/uploads\/2017\/01\/03fa7e9a4410f7f01-259x300.jpg 259w, https:\/\/hundeverein-spork-schwelentrup.de\/wp-content\/uploads\/2017\/01\/03fa7e9a4410f7f01.jpg 711w\" sizes=\"(max-width: 259px) 100vw, 259px\" \/><\/p>\n<p>1949 feierte der Verein, der weiterhin von Fritz M\u00fchlenmeier gef\u00fchrt wurde, sein 20-j\u00e4hriges Bestehen.<\/p>\n<p>1954 wurde zum 25-j\u00e4hrigen Bestehen die Kreissiegerpr\u00fcfung des Kreises Ravensberg-Lippe ausgerichtet.<\/p>\n<p>1958 wurde im Nachbarort Spork ebenfalls ein Hundeverein gegr\u00fcndet.<br \/>\nVorsitzender war Wilhelm Meier.<\/p>\n<p>1959 Zusammenschluss beider Vereine unter dem Namen \u201ePolizei- und Schutzhundverein Spork-Schwelentrup\u201c.<\/p>\n<p>1960 konnte ein geeignetes \u00dcbungsgel\u00e4nde am Sporker Holz gepachtet werden. Aus einer ehemaligen Wohnbaracke entstand das Vereinsheim, welches dann mehrfach erweitert wurde. <img loading=\"lazy\" decoding=\"async\" class=\"alignnone wp-image-154\" src=\"https:\/\/hundeverein-spork-schwelentrup.de\/wp-content\/uploads\/2017\/01\/2erstesvereinsheim-300x214.jpg\" alt=\"2erstesvereinsheim\" width=\"284\" height=\"202\" srcset=\"https:\/\/hundeverein-spork-schwelentrup.de\/wp-content\/uploads\/2017\/01\/2erstesvereinsheim-300x214.jpg 300w, https:\/\/hundeverein-spork-schwelentrup.de\/wp-content\/uploads\/2017\/01\/2erstesvereinsheim-768x547.jpg 768w, https:\/\/hundeverein-spork-schwelentrup.de\/wp-content\/uploads\/2017\/01\/2erstesvereinsheim.jpg 930w\" sizes=\"(max-width: 284px) 100vw, 284px\" \/>&nbsp; <img loading=\"lazy\" decoding=\"async\" class=\"alignnone size-medium wp-image-156\" src=\"https:\/\/hundeverein-spork-schwelentrup.de\/wp-content\/uploads\/2017\/01\/3erwitertesvereinsheim-300x203.jpg\" alt=\"3erwitertesvereinsheim\" width=\"300\" height=\"203\" srcset=\"https:\/\/hundeverein-spork-schwelentrup.de\/wp-content\/uploads\/2017\/01\/3erwitertesvereinsheim-300x203.jpg 300w, https:\/\/hundeverein-spork-schwelentrup.de\/wp-content\/uploads\/2017\/01\/3erwitertesvereinsheim-768x519.jpg 768w, https:\/\/hundeverein-spork-schwelentrup.de\/wp-content\/uploads\/2017\/01\/3erwitertesvereinsheim.jpg 934w\" sizes=\"(max-width: 300px) 100vw, 300px\" \/><\/p>\n<p>1979 wurde das 50-j\u00e4hrige Bestehen zum Anlass genommen, wieder die Kreissiegerpr\u00fcfung des Kreises Ravensberg-Lippe, dieses Mal mit einem Zeltfest, auszurichten.<\/p>\n<p>Mitte der 90er Jahre bekam der Hundeverein die Auflage, das Gel\u00e4nde zu r\u00e4umen, da dieses als Landschaftsschutzgebiet ausgewiesen wurde. <img loading=\"lazy\" decoding=\"async\" class=\"size-medium wp-image-157 alignright\" src=\"https:\/\/hundeverein-spork-schwelentrup.de\/wp-content\/uploads\/2017\/01\/4abrissvereinsheim-300x209.jpg\" alt=\"4abrissvereinsheim\" width=\"300\" height=\"209\" srcset=\"https:\/\/hundeverein-spork-schwelentrup.de\/wp-content\/uploads\/2017\/01\/4abrissvereinsheim-300x209.jpg 300w, https:\/\/hundeverein-spork-schwelentrup.de\/wp-content\/uploads\/2017\/01\/4abrissvereinsheim-768x535.jpg 768w, https:\/\/hundeverein-spork-schwelentrup.de\/wp-content\/uploads\/2017\/01\/4abrissvereinsheim.jpg 928w\" sizes=\"(max-width: 300px) 100vw, 300px\" \/><\/p>\n<p>&nbsp;<\/p>\n<p>&nbsp;<\/p>\n<p>1996 bekam der Verein von der Gemeinde D\u00f6rentrup das Grundst\u00fcck am Ellernweg angeboten.<br \/>\nDurch die Mithilfe vieler Vereinsmitglieder entstanden hier in Eigenleistung unser jetziger \u00dcbungsplatz und das Vereinsheim.<\/p>\n<p><img loading=\"lazy\" decoding=\"async\" class=\"size-medium wp-image-158 alignleft\" src=\"https:\/\/hundeverein-spork-schwelentrup.de\/wp-content\/uploads\/2017\/01\/5neuesvereinsheim-300x211.jpg\" alt=\"5neuesvereinsheim\" width=\"300\" height=\"211\" srcset=\"https:\/\/hundeverein-spork-schwelentrup.de\/wp-content\/uploads\/2017\/01\/5neuesvereinsheim-300x211.jpg 300w, https:\/\/hundeverein-spork-schwelentrup.de\/wp-content\/uploads\/2017\/01\/5neuesvereinsheim-768x539.jpg 768w, https:\/\/hundeverein-spork-schwelentrup.de\/wp-content\/uploads\/2017\/01\/5neuesvereinsheim.jpg 931w\" sizes=\"(max-width: 300px) 100vw, 300px\" \/><\/p>\n<p>&nbsp;<\/p>\n<p>&nbsp;<\/p>\n<p>&nbsp;<\/p>\n<p>1998 Offizielle Einweihung unseres neuen \u00dcbungsgel\u00e4ndes. <img loading=\"lazy\" decoding=\"async\" class=\"alignnone size-medium wp-image-159\" src=\"https:\/\/hundeverein-spork-schwelentrup.de\/wp-content\/uploads\/2017\/01\/6neuesvereinsheim-300x180.jpg\" alt=\"6neuesvereinsheim\" width=\"300\" height=\"180\" srcset=\"https:\/\/hundeverein-spork-schwelentrup.de\/wp-content\/uploads\/2017\/01\/6neuesvereinsheim-300x180.jpg 300w, https:\/\/hundeverein-spork-schwelentrup.de\/wp-content\/uploads\/2017\/01\/6neuesvereinsheim-768x461.jpg 768w, https:\/\/hundeverein-spork-schwelentrup.de\/wp-content\/uploads\/2017\/01\/6neuesvereinsheim.jpg 930w\" sizes=\"(max-width: 300px) 100vw, 300px\" \/><\/p>\n<p>2004 Ausrichtung der Landesverbandsmeisterschaft zum Anlass unseres 75-j\u00e4hrigen Vereinsjubil\u00e4ums.<\/p>\n<p style=\"text-align: left;\">Vereinsvorsitzende:<\/p>\n<p style=\"text-align: left;\">1929 &#8211; 1955&nbsp;&nbsp; &nbsp;Fritz M\u00fchlenmeier<br \/>\n1958 &#8211; 1964&nbsp;&nbsp; &nbsp;Wilhelm Meier<br \/>\n1965 &#8211; 1979&nbsp;&nbsp; &nbsp;Horst Hilkemeier<br \/>\n1980 &#8211; 1989&nbsp;&nbsp; &nbsp;Karl-Heinz Rohde<br \/>\n1990 &#8211; 1997&nbsp;&nbsp; &nbsp;Horst Begemann<br \/>\n1998 &#8211; 2008&nbsp;&nbsp; &nbsp;B\u00e4rbel Zietz<br \/>\n2008 &#8211; 2014&nbsp;&nbsp; &nbsp;Wolfgang Kr\u00e4mer<br \/>\n2014 &#8211; 2025&nbsp; &nbsp; B\u00e4rbel Zietz<br \/>\nseit 2025&nbsp; &nbsp; &nbsp; &nbsp; &nbsp; Patricia Symonds<\/p>\n<p style=\"text-align: left;\">Ehrenmitglieder:<\/p>\n<p style=\"text-align: left;\">Horst Hilkemeier<br \/>\nHelmut Meier<\/p>\n<div id=\"attachment_161\" style=\"width: 193px\" class=\"wp-caption alignleft\"><img loading=\"lazy\" decoding=\"async\" aria-describedby=\"caption-attachment-161\" class=\"wp-image-161\" src=\"https:\/\/hundeverein-spork-schwelentrup.de\/wp-content\/uploads\/2017\/01\/8helmuthilkemeier-300x287.jpg\" alt=\"8helmuthilkemeier\" width=\"183\" height=\"175\" srcset=\"https:\/\/hundeverein-spork-schwelentrup.de\/wp-content\/uploads\/2017\/01\/8helmuthilkemeier-300x287.jpg 300w, https:\/\/hundeverein-spork-schwelentrup.de\/wp-content\/uploads\/2017\/01\/8helmuthilkemeier.jpg 711w\" sizes=\"(max-width: 183px) 100vw, 183px\" \/><\/p>\n<p id=\"caption-attachment-161\" class=\"wp-caption-text\">Helmut Hilkemeier \u2020<\/p>\n<\/div>\n<p>&nbsp;<\/p>\n<div id=\"attachment_160\" style=\"width: 310px\" class=\"wp-caption alignnone\"><img loading=\"lazy\" decoding=\"async\" aria-describedby=\"caption-attachment-160\" class=\"wp-image-160 size-medium\" src=\"https:\/\/hundeverein-spork-schwelentrup.de\/wp-content\/uploads\/2017\/01\/7unsereehrenmitglieder-300x182.jpg\" alt=\"7unsereehrenmitglieder\" width=\"300\" height=\"182\" srcset=\"https:\/\/hundeverein-spork-schwelentrup.de\/wp-content\/uploads\/2017\/01\/7unsereehrenmitglieder-300x182.jpg 300w, https:\/\/hundeverein-spork-schwelentrup.de\/wp-content\/uploads\/2017\/01\/7unsereehrenmitglieder-768x467.jpg 768w, https:\/\/hundeverein-spork-schwelentrup.de\/wp-content\/uploads\/2017\/01\/7unsereehrenmitglieder.jpg 924w\" sizes=\"(max-width: 300px) 100vw, 300px\" \/><\/p>\n<p id=\"caption-attachment-160\" class=\"wp-caption-text\">Wilhelm Meier \u2020, August Niewald \u2020, Fritz Brinkmann \u2020<\/p>\n<\/div>\n<p style=\"text-align: left;\">&nbsp;<\/p>\n<p style=\"text-align: center;\">&nbsp;<\/p>\n","protected":false},"excerpt":{"rendered":"<p>Vereinsgeschichte 1929 fanden sich in der Gemeinde Schwelentrup einige interessierte Hundef\u00fchrer und Z\u00fcchter zusammen und gr\u00fcndeten den \u201ePolizei- und Schutzhundeverein Schwelentrup\u201c. Vorsitzender war Fritz M\u00fchlenmeier. 1949 feierte der Verein, der weiterhin von Fritz M\u00fchlenmeier gef\u00fchrt wurde, sein 20-j\u00e4hriges Bestehen. 1954 wurde zum 25-j\u00e4hrigen Bestehen die Kreissiegerpr\u00fcfung des Kreises Ravensberg-Lippe ausgerichtet. 1958 wurde im Nachbarort Spork [&hellip;]<\/p>\n","protected":false},"author":2,"featured_media":0,"parent":0,"menu_order":0,"comment_status":"closed","ping_status":"closed","template":"","meta":{"ngg_post_thumbnail":0,"footnotes":""},"_links":{"self":[{"href":"https:\/\/hundeverein-spork-schwelentrup.de\/index.php?rest_route=\/wp\/v2\/pages\/15"}],"collection":[{"href":"https:\/\/hundeverein-spork-schwelentrup.de\/index.php?rest_route=\/wp\/v2\/pages"}],"about":[{"href":"https:\/\/hundeverein-spork-schwelentrup.de\/index.php?rest_route=\/wp\/v2\/types\/page"}],"author":[{"embeddable":true,"href":"https:\/\/hundeverein-spork-schwelentrup.de\/index.php?rest_route=\/wp\/v2\/users\/2"}],"replies":[{"embeddable":true,"href":"https:\/\/hundeverein-spork-schwelentrup.de\/index.php?rest_route=%2Fwp%2Fv2%2Fcomments&post=15"}],"version-history":[{"count":30,"href":"https:\/\/hundeverein-spork-schwelentrup.de\/index.php?rest_route=\/wp\/v2\/pages\/15\/revisions"}],"predecessor-version":[{"id":13898,"href":"https:\/\/hundeverein-spork-schwelentrup.de\/index.php?rest_route=\/wp\/v2\/pages\/15\/revisions\/13898"}],"wp:attachment":[{"href":"https:\/\/hundeverein-spork-schwelentrup.de\/index.php?rest_route=%2Fwp%2Fv2%2Fmedia&parent=15"}],"curies":[{"name":"wp","href":"https:\/\/api.w.org\/{rel}","templated":true}]}}