{"id":109,"date":"2016-12-13T16:23:51","date_gmt":"2016-12-13T16:23:51","guid":{"rendered":"http:\/\/hundeverein-spork-schwelentrup.de\/?page_id=109"},"modified":"2022-03-23T08:50:49","modified_gmt":"2022-03-23T08:50:49","slug":"faehrte","status":"publish","type":"page","link":"https:\/\/hundeverein-spork-schwelentrup.de\/?page_id=109","title":{"rendered":"Mantrailing"},"content":{"rendered":"<p>&nbsp;<\/p>\n<p><strong>Mantrailing<\/strong><strong>, Hundesport der nicht auf dem Hundeplatz stattfindet<\/strong><\/p>\n<p><strong>Was ist das?<\/strong><\/p>\n<p><strong>Mantrailing <\/strong>setzt sich aus den beiden englischen W\u00f6rtern:<\/p>\n<p><strong>man<\/strong><strong> &nbsp; = Mensch<\/strong><br><strong>trailing<\/strong><strong> = eine Spur verfolgen <\/strong><strong>zusammen.&nbsp;&nbsp;&nbsp;&nbsp;&nbsp;&nbsp;&nbsp;&nbsp;&nbsp;&nbsp;&nbsp;&nbsp;&nbsp;&nbsp;&nbsp;&nbsp;&nbsp;&nbsp;&nbsp;&nbsp;&nbsp;&nbsp;&nbsp;&nbsp;&nbsp;&nbsp;&nbsp;&nbsp;&nbsp;&nbsp;&nbsp; <\/strong><\/p>\n<p>Im Mantrailing trainieren wir unseren Hunden an, den unverwechselbaren Individualgeruch des Menschen zu \u201elesen\u201c, ihn von anderen Ger\u00fcchen zu unterscheiden und gezielt zu folgen. Dieser Sport stellt eine nat\u00fcrliche Auslastung f\u00fcr jeden Haushund dar und ist dar\u00fcber hinaus eine faszinierende Besch\u00e4ftigung mit dem eigenen Hund.<\/p>\n<p><strong>F\u00fcr wen ist dieses Training geeignet?<\/strong><\/p>\n<p>Ob ein Junghund von neun Monaten oder ein 12-j\u00e4hriger Senior \u2013 Fast jeder Hund ist f\u00fcrs <strong>Mantrailing<\/strong> geeignet, der gerne seine Nase einsetzt. Zudem finden Hunde hierbei eine gute Auslastung \u2013 sowohl k\u00f6rperlich als auch geistig.<\/p>\n<p>Auch bei \u00e4ngstlichen Hunden st\u00e4rkt die Personensuche durch die Erfolgserlebnisse das Selbstbewusstsein und gibt Sicherheit.<\/p>\n<p>Im Mantrailing wird Teamarbeit gro\u00dfgeschrieben und die Kommunikation zwischen Mensch und Hund wird einfach besser. Besonders gef\u00e4llt uns bei diesem Sport, dass das Team sich immer wieder neuen Herausforderungen stellen kann.<\/p>\n<p>Weitere Informationen, auch zum Trainingsablauf, gebe ich gern unter 0178 135 7623. Ulla Schlingmeier<\/p>\n\n\n<figure class=\"wp-block-image size-full\"><img loading=\"lazy\" decoding=\"async\" width=\"605\" height=\"806\" src=\"https:\/\/hundeverein-spork-schwelentrup.de\/wp-content\/uploads\/2022\/03\/Foto-Mantrail.jpg\" alt=\"\" class=\"wp-image-3132\" srcset=\"https:\/\/hundeverein-spork-schwelentrup.de\/wp-content\/uploads\/2022\/03\/Foto-Mantrail.jpg 605w, https:\/\/hundeverein-spork-schwelentrup.de\/wp-content\/uploads\/2022\/03\/Foto-Mantrail-225x300.jpg 225w\" sizes=\"(max-width: 605px) 100vw, 605px\" \/><\/figure>\n","protected":false},"excerpt":{"rendered":"<p>&nbsp; Mantrailing, Hundesport der nicht auf dem Hundeplatz stattfindet Was ist das? Mantrailing setzt sich aus den beiden englischen W\u00f6rtern: man &nbsp; = Menschtrailing = eine Spur verfolgen zusammen.&nbsp;&nbsp;&nbsp;&nbsp;&nbsp;&nbsp;&nbsp;&nbsp;&nbsp;&nbsp;&nbsp;&nbsp;&nbsp;&nbsp;&nbsp;&nbsp;&nbsp;&nbsp;&nbsp;&nbsp;&nbsp;&nbsp;&nbsp;&nbsp;&nbsp;&nbsp;&nbsp;&nbsp;&nbsp;&nbsp;&nbsp; Im Mantrailing trainieren wir unseren Hunden an, den unverwechselbaren Individualgeruch des Menschen zu \u201elesen\u201c, ihn von anderen Ger\u00fcchen zu unterscheiden und gezielt zu folgen. Dieser Sport [&hellip;]<\/p>\n","protected":false},"author":2,"featured_media":0,"parent":23,"menu_order":0,"comment_status":"closed","ping_status":"closed","template":"","meta":{"ngg_post_thumbnail":0,"footnotes":""},"_links":{"self":[{"href":"https:\/\/hundeverein-spork-schwelentrup.de\/index.php?rest_route=\/wp\/v2\/pages\/109"}],"collection":[{"href":"https:\/\/hundeverein-spork-schwelentrup.de\/index.php?rest_route=\/wp\/v2\/pages"}],"about":[{"href":"https:\/\/hundeverein-spork-schwelentrup.de\/index.php?rest_route=\/wp\/v2\/types\/page"}],"author":[{"embeddable":true,"href":"https:\/\/hundeverein-spork-schwelentrup.de\/index.php?rest_route=\/wp\/v2\/users\/2"}],"replies":[{"embeddable":true,"href":"https:\/\/hundeverein-spork-schwelentrup.de\/index.php?rest_route=%2Fwp%2Fv2%2Fcomments&post=109"}],"version-history":[{"count":10,"href":"https:\/\/hundeverein-spork-schwelentrup.de\/index.php?rest_route=\/wp\/v2\/pages\/109\/revisions"}],"predecessor-version":[{"id":3134,"href":"https:\/\/hundeverein-spork-schwelentrup.de\/index.php?rest_route=\/wp\/v2\/pages\/109\/revisions\/3134"}],"up":[{"embeddable":true,"href":"https:\/\/hundeverein-spork-schwelentrup.de\/index.php?rest_route=\/wp\/v2\/pages\/23"}],"wp:attachment":[{"href":"https:\/\/hundeverein-spork-schwelentrup.de\/index.php?rest_route=%2Fwp%2Fv2%2Fmedia&parent=109"}],"curies":[{"name":"wp","href":"https:\/\/api.w.org\/{rel}","templated":true}]}}