{"id":103,"date":"2016-12-13T16:22:53","date_gmt":"2016-12-13T16:22:53","guid":{"rendered":"http:\/\/hundeverein-spork-schwelentrup.de\/?page_id=103"},"modified":"2025-09-08T12:46:07","modified_gmt":"2025-09-08T12:46:07","slug":"longieren","status":"publish","type":"page","link":"https:\/\/hundeverein-spork-schwelentrup.de\/?page_id=103","title":{"rendered":"Longieren"},"content":{"rendered":"\n<p>Seinen Ursprung hat das Longieren in der Pferdeausbildung. Jedoch auch mit Hunden kann man longieren und somit eine gute Bindung zwischen Hund und Hundef\u00fchrer aufbauen.<br>Beim Longieren &#8222;f\u00fcr Hunde&#8220; steht der Hundef\u00fchrer in der Mitte eines gro\u00dfen Kreises. Der Hund bewegt sich nun auf ein Signal des Menschen, umrundet den Kreis, stoppt, wechselt die Richtung, umrundet Gegenst\u00e4nde, springt \u00fcber H\u00fcrden usw. . Ziel ist es, den Hund frei (ohne Leine) ausschlie\u00dflich mit K\u00f6rpersprache und Stimme zu f\u00fchren. Der Hundehalter lernt seine K\u00f6rpersprache bedacht und sehr genau zu geben. Schnell zeigt sich, wie genau und exakt Hunde auf unsere Signale reagieren. Der Lernprozess ist dabei f\u00fcr beide Trainingspartner immens hoch.<\/p>\n\n\n\n<p>Longieren ist f\u00fcr fast jeden, gesunden Hund geeignet. Tempo und Aufgaben k\u00f6nnen an den Hund angepasst werden.<\/p>\n\n\n\n<p>Unsere Longier-Gruppe trifft sich jeden 1. &amp; 3. Freitag im Monat ab 14:15 Uhr.<\/p>\n\n\n\n<figure class=\"wp-block-image size-large\"><img loading=\"lazy\" decoding=\"async\" width=\"2048\" height=\"1152\" src=\"https:\/\/hundeverein-spork-schwelentrup.de\/wp-content\/uploads\/2025\/09\/13725057_643734292443008_9140876960845538144_o-edited.jpg\" alt=\"\" class=\"wp-image-13997\" srcset=\"https:\/\/hundeverein-spork-schwelentrup.de\/wp-content\/uploads\/2025\/09\/13725057_643734292443008_9140876960845538144_o-edited.jpg 2048w, https:\/\/hundeverein-spork-schwelentrup.de\/wp-content\/uploads\/2025\/09\/13725057_643734292443008_9140876960845538144_o-edited-300x169.jpg 300w, https:\/\/hundeverein-spork-schwelentrup.de\/wp-content\/uploads\/2025\/09\/13725057_643734292443008_9140876960845538144_o-edited-1024x576.jpg 1024w, https:\/\/hundeverein-spork-schwelentrup.de\/wp-content\/uploads\/2025\/09\/13725057_643734292443008_9140876960845538144_o-edited-768x432.jpg 768w, https:\/\/hundeverein-spork-schwelentrup.de\/wp-content\/uploads\/2025\/09\/13725057_643734292443008_9140876960845538144_o-edited-1536x864.jpg 1536w\" sizes=\"(max-width: 2048px) 100vw, 2048px\" \/><\/figure>\n","protected":false},"excerpt":{"rendered":"<p>Seinen Ursprung hat das Longieren in der Pferdeausbildung. Jedoch auch mit Hunden kann man longieren und somit eine gute Bindung zwischen Hund und Hundef\u00fchrer aufbauen.Beim Longieren &#8222;f\u00fcr Hunde&#8220; steht der Hundef\u00fchrer in der Mitte eines gro\u00dfen Kreises. Der Hund bewegt sich nun auf ein Signal des Menschen, umrundet den Kreis, stoppt, wechselt die Richtung, umrundet [&hellip;]<\/p>\n","protected":false},"author":2,"featured_media":0,"parent":23,"menu_order":0,"comment_status":"closed","ping_status":"closed","template":"","meta":{"ngg_post_thumbnail":0,"footnotes":""},"_links":{"self":[{"href":"https:\/\/hundeverein-spork-schwelentrup.de\/index.php?rest_route=\/wp\/v2\/pages\/103"}],"collection":[{"href":"https:\/\/hundeverein-spork-schwelentrup.de\/index.php?rest_route=\/wp\/v2\/pages"}],"about":[{"href":"https:\/\/hundeverein-spork-schwelentrup.de\/index.php?rest_route=\/wp\/v2\/types\/page"}],"author":[{"embeddable":true,"href":"https:\/\/hundeverein-spork-schwelentrup.de\/index.php?rest_route=\/wp\/v2\/users\/2"}],"replies":[{"embeddable":true,"href":"https:\/\/hundeverein-spork-schwelentrup.de\/index.php?rest_route=%2Fwp%2Fv2%2Fcomments&post=103"}],"version-history":[{"count":6,"href":"https:\/\/hundeverein-spork-schwelentrup.de\/index.php?rest_route=\/wp\/v2\/pages\/103\/revisions"}],"predecessor-version":[{"id":13998,"href":"https:\/\/hundeverein-spork-schwelentrup.de\/index.php?rest_route=\/wp\/v2\/pages\/103\/revisions\/13998"}],"up":[{"embeddable":true,"href":"https:\/\/hundeverein-spork-schwelentrup.de\/index.php?rest_route=\/wp\/v2\/pages\/23"}],"wp:attachment":[{"href":"https:\/\/hundeverein-spork-schwelentrup.de\/index.php?rest_route=%2Fwp%2Fv2%2Fmedia&parent=103"}],"curies":[{"name":"wp","href":"https:\/\/api.w.org\/{rel}","templated":true}]}}