{"id":100,"date":"2016-12-13T16:22:19","date_gmt":"2016-12-13T16:22:19","guid":{"rendered":"http:\/\/hundeverein-spork-schwelentrup.de\/?page_id=100"},"modified":"2025-02-08T18:28:07","modified_gmt":"2025-02-08T18:28:07","slug":"rally-obedience","status":"publish","type":"page","link":"https:\/\/hundeverein-spork-schwelentrup.de\/?page_id=100","title":{"rendered":"Flyball"},"content":{"rendered":"<p>&nbsp;<\/p>\n<p>&nbsp;<\/p>\n<p>Der rasante und mitrei\u00dfende Wettkampfsport f\u00fcr Mensch und Hund<\/p>\n<p>&nbsp;<\/p>\n<p>Beim Flyball stehen Tempo, Springfreude und Apportiergeschick im Vordergrund.<br \/>\nDer Wettkampfsport ist offen f\u00fcr Hunde aller Gr\u00f6\u00dfen und Rassen und macht auch den Zuschauern viel Spa\u00df.<\/p>\n<p>Die Basis vom&nbsp; Flyball ist eine sinnvolle Besch\u00e4ftigung, ein zielgerichtetes Spiel des Hundes mit Komponenten des Grundgehorsams und Disziplin .<\/p>\n<p style=\"text-align: left;\">Was ist Flyball:<br \/>\nFlyball ist eine Art \u201eHunde- Staffellauf\u201e.<img loading=\"lazy\" decoding=\"async\" class=\"alignnone wp-image-372 alignright\" src=\"https:\/\/hundeverein-spork-schwelentrup.de\/wp-content\/uploads\/2017\/02\/bahn-300x200.gif\" alt=\"bahn\" width=\"378\" height=\"252\"><\/p>\n<p>Jeweils zwei Mannschaften starten gleichzeitig auf zwei parallelen Parcours.<br \/>\nDie Bahn f\u00fcr den Wettkampf besteht aus einer Start- und Ziellinie, vier H\u00fcrden, aufgestellt in gleichm\u00e4\u00dfigen Abst\u00e4nden, und einer Flyball-Box.<br \/>\nDie Hunde werden \u00fcber die H\u00fcrden vorausgeschickt, l\u00f6sen den Ballwurf an der Flyballbox aus, fangen den Ball und m\u00fcssen ihn so schnell wie m\u00f6glich wieder \u00fcber die vier H\u00fcrden zur\u00fcck ins Ziel bringen.<\/p>\n<p>Nun startet der n\u00e4chste Hund.<\/p>\n<p><img loading=\"lazy\" decoding=\"async\" class=\"size-medium wp-image-376 aligncenter\" src=\"https:\/\/hundeverein-spork-schwelentrup.de\/wp-content\/uploads\/2016\/12\/Freddi25832_n-300x199.jpg\" alt=\"Freddi25832_n\" width=\"300\" height=\"199\" srcset=\"https:\/\/hundeverein-spork-schwelentrup.de\/wp-content\/uploads\/2016\/12\/Freddi25832_n-300x199.jpg 300w, https:\/\/hundeverein-spork-schwelentrup.de\/wp-content\/uploads\/2016\/12\/Freddi25832_n-768x510.jpg 768w, https:\/\/hundeverein-spork-schwelentrup.de\/wp-content\/uploads\/2016\/12\/Freddi25832_n.jpg 960w\" sizes=\"(max-width: 300px) 100vw, 300px\" \/><\/p>\n<p>Dies wiederholt sich so lange, bis vier B\u00e4lle von einer Mannschaft fehlerfrei ins Ziel gebracht sind.<\/p>\n<p>Nicht die einzelne Leistung z\u00e4hlt, sondern die der ganzen Mannschaft.<\/p>\n<p><span style=\"text-decoration: underline;\">Eine Mannschaft besteht aus:<\/span><img loading=\"lazy\" decoding=\"async\" class=\"wp-image-191 size-medium alignright\" src=\"https:\/\/hundeverein-spork-schwelentrup.de\/wp-content\/uploads\/2017\/01\/FB_IMG_1483564968809-e1487341184238-300x188.jpg\" width=\"300\" height=\"188\" srcset=\"https:\/\/hundeverein-spork-schwelentrup.de\/wp-content\/uploads\/2017\/01\/FB_IMG_1483564968809-e1487341184238-300x188.jpg 300w, https:\/\/hundeverein-spork-schwelentrup.de\/wp-content\/uploads\/2017\/01\/FB_IMG_1483564968809-e1487341184238-768x480.jpg 768w, https:\/\/hundeverein-spork-schwelentrup.de\/wp-content\/uploads\/2017\/01\/FB_IMG_1483564968809-e1487341184238.jpg 800w\" sizes=\"(max-width: 300px) 100vw, 300px\" \/><br \/>\n&#8211; mindestens 4 bis h\u00f6chstens 6 Hunden<br \/>\n&#8211; einem Boxenlader<br \/>\n&#8211; einem Mannschaftskapit\u00e4n<br \/>\nund anderen Helfern z.B. \u201cBalljungen\/m\u00e4dchen\u201c<\/p>\n<p>Beim Training wird jeder Hund individuell an die Sportart herangef\u00fchrt.<\/p>\n<p>&nbsp;<\/p>\n","protected":false},"excerpt":{"rendered":"<p>&nbsp; &nbsp; Der rasante und mitrei\u00dfende Wettkampfsport f\u00fcr Mensch und Hund &nbsp; Beim Flyball stehen Tempo, Springfreude und Apportiergeschick im Vordergrund. Der Wettkampfsport ist offen f\u00fcr Hunde aller Gr\u00f6\u00dfen und Rassen und macht auch den Zuschauern viel Spa\u00df. Die Basis vom&nbsp; Flyball ist eine sinnvolle Besch\u00e4ftigung, ein zielgerichtetes Spiel des Hundes mit Komponenten des Grundgehorsams [&hellip;]<\/p>\n","protected":false},"author":2,"featured_media":0,"parent":23,"menu_order":0,"comment_status":"closed","ping_status":"closed","template":"","meta":{"ngg_post_thumbnail":0,"footnotes":""},"_links":{"self":[{"href":"https:\/\/hundeverein-spork-schwelentrup.de\/index.php?rest_route=\/wp\/v2\/pages\/100"}],"collection":[{"href":"https:\/\/hundeverein-spork-schwelentrup.de\/index.php?rest_route=\/wp\/v2\/pages"}],"about":[{"href":"https:\/\/hundeverein-spork-schwelentrup.de\/index.php?rest_route=\/wp\/v2\/types\/page"}],"author":[{"embeddable":true,"href":"https:\/\/hundeverein-spork-schwelentrup.de\/index.php?rest_route=\/wp\/v2\/users\/2"}],"replies":[{"embeddable":true,"href":"https:\/\/hundeverein-spork-schwelentrup.de\/index.php?rest_route=%2Fwp%2Fv2%2Fcomments&post=100"}],"version-history":[{"count":25,"href":"https:\/\/hundeverein-spork-schwelentrup.de\/index.php?rest_route=\/wp\/v2\/pages\/100\/revisions"}],"predecessor-version":[{"id":13904,"href":"https:\/\/hundeverein-spork-schwelentrup.de\/index.php?rest_route=\/wp\/v2\/pages\/100\/revisions\/13904"}],"up":[{"embeddable":true,"href":"https:\/\/hundeverein-spork-schwelentrup.de\/index.php?rest_route=\/wp\/v2\/pages\/23"}],"wp:attachment":[{"href":"https:\/\/hundeverein-spork-schwelentrup.de\/index.php?rest_route=%2Fwp%2Fv2%2Fmedia&parent=100"}],"curies":[{"name":"wp","href":"https:\/\/api.w.org\/{rel}","templated":true}]}}